{"id":45,"date":"2024-11-06T10:01:54","date_gmt":"2024-11-06T10:01:54","guid":{"rendered":"https:\/\/raintec.bz\/?page_id=45"},"modified":"2024-11-06T10:37:37","modified_gmt":"2024-11-06T10:37:37","slug":"raintec","status":"publish","type":"page","link":"https:\/\/raintec.bz\/?page_id=45","title":{"rendered":"Raintec Irrigation: Der Profi f\u00fcr Beregnungstechnik"},"content":{"rendered":"\n<div class=\"wp-block-columns alignwide is-layout-flex wp-container-core-columns-is-layout-28f84493 wp-block-columns-is-layout-flex\">\n<div class=\"wp-block-column is-vertically-aligned-bottom is-layout-flow wp-block-column-is-layout-flow\" style=\"padding-bottom:1em\">\n<figure class=\"wp-block-image size-large is-resized\"><img loading=\"lazy\" decoding=\"async\" width=\"1024\" height=\"724\" src=\"https:\/\/raintec.bz\/wp-content\/uploads\/2024\/11\/Raintec-Logo-mit-Farbwerte-1-1024x724.png\" alt=\"\" class=\"wp-image-39\" style=\"width:494px;height:auto\" srcset=\"https:\/\/raintec.bz\/wp-content\/uploads\/2024\/11\/Raintec-Logo-mit-Farbwerte-1-1024x724.png 1024w, https:\/\/raintec.bz\/wp-content\/uploads\/2024\/11\/Raintec-Logo-mit-Farbwerte-1-300x212.png 300w, https:\/\/raintec.bz\/wp-content\/uploads\/2024\/11\/Raintec-Logo-mit-Farbwerte-1-768x543.png 768w, https:\/\/raintec.bz\/wp-content\/uploads\/2024\/11\/Raintec-Logo-mit-Farbwerte-1-1536x1086.png 1536w, https:\/\/raintec.bz\/wp-content\/uploads\/2024\/11\/Raintec-Logo-mit-Farbwerte-1.png 2000w\" sizes=\"auto, (max-width: 1024px) 100vw, 1024px\" \/><\/figure>\n<\/div>\n\n\n\n<div class=\"wp-block-column is-vertically-aligned-bottom is-layout-flow wp-block-column-is-layout-flow\">\n<p>Ob f\u00fcr private G\u00e4rten, landwirtschaftliche Fl\u00e4chen oder Parkanlagen \u2013 wir bieten ma\u00dfgeschneiderte Bew\u00e4sserungstechnik, die perfekt auf Ihre individuellen Bed\u00fcrfnisse abgestimmt ist. Unsere Systeme sorgen daf\u00fcr, dass die Pflanzen immer optimal mit Wasser versorgt sind. In S\u00fcdtirol und dar\u00fcber hinaus sind wir Ihr professioneller Ansprechpartner f\u00fcr Bew\u00e4sserungsl\u00f6sungen!<\/p>\n<\/div>\n<\/div>\n\n\n\n<h4 class=\"wp-block-heading\"><strong>Unsere Leistungen im \u00dcberblick:<\/strong><\/h4>\n\n\n\n<div class=\"wp-block-columns alignwide is-layout-flex wp-container-core-columns-is-layout-28f84493 wp-block-columns-is-layout-flex\">\n<div class=\"wp-block-column is-layout-flow wp-block-column-is-layout-flow\">\n<hr class=\"wp-block-separator has-css-opacity is-style-wide\"\/>\n\n\n\n<h2 class=\"wp-block-heading\" id=\"1\" style=\"font-size:var(--wp--custom--typography--font-size--gigantic, clamp(2.75rem, 6vw, 3.25rem));line-height:0.5\">1<\/h2>\n\n\n\n<h3 class=\"wp-block-heading has-x-large-font-size\" id=\"pigeon\"><em>F\u00fcr private G\u00e4rten:<\/em><\/h3>\n\n\n\n<p>Nie wieder ans Gie\u00dfen denken! Mit unseren effizienten und benutzerfreundlichen Bew\u00e4sserungssystemen. Von modernen Sprinklern bis hin zu kleinen und gro\u00dfen Tropfbew\u00e4sserungssystemen bieten wir alles, was Sie f\u00fcr die Pflege Ihres Rasens, Gem\u00fcse-Beete, Obstb\u00e4ume, Terrassen und Balkonpflanzen ben\u00f6tigen. <\/p>\n\n\n\n<figure class=\"wp-block-image size-large\"><img loading=\"lazy\" decoding=\"async\" width=\"2000\" height=\"1414\" src=\"https:\/\/raintec.bz\/wp-content\/uploads\/2024\/11\/4-1024x724.png\" alt=\"\" class=\"wp-image-33\" srcset=\"https:\/\/raintec.bz\/wp-content\/uploads\/2024\/11\/4-1024x724.png 1024w, https:\/\/raintec.bz\/wp-content\/uploads\/2024\/11\/4-300x212.png 300w, https:\/\/raintec.bz\/wp-content\/uploads\/2024\/11\/4-768x543.png 768w, https:\/\/raintec.bz\/wp-content\/uploads\/2024\/11\/4-1536x1086.png 1536w, https:\/\/raintec.bz\/wp-content\/uploads\/2024\/11\/4.png 2000w\" sizes=\"auto, (max-width: 2000px) 100vw, 2000px\" \/><\/figure>\n\n\n\n<div class=\"wp-block-buttons is-layout-flex wp-block-buttons-is-layout-flex\">\n<div class=\"wp-block-button has-custom-width wp-block-button__width-100\"><a class=\"wp-block-button__link has-foreground-background-color has-background wp-element-button\" href=\"https:\/\/raintec.bz\/?page_id=57\">Weiterlesen!<\/a><\/div>\n<\/div>\n\n\n\n<div style=\"height:16px\" aria-hidden=\"true\" class=\"wp-block-spacer\"><\/div>\n<\/div>\n\n\n\n<div class=\"wp-block-column is-layout-flow wp-block-column-is-layout-flow\">\n<hr class=\"wp-block-separator has-css-opacity is-style-wide\"\/>\n\n\n\n<h2 class=\"wp-block-heading\" id=\"2\" style=\"font-size:clamp(2.75rem, 6vw, 3.25rem);line-height:0.5\">2<\/h2>\n\n\n\n<h3 class=\"wp-block-heading has-x-large-font-size\" id=\"sparrow\"><em>F\u00fcr die Landwirtschaft:<\/em><\/h3>\n\n\n\n<p>Der intelligente Umgang mit Wasser ist von Bedeutung! Gleichzeitig befinden wir uns mitten in einer digitalen Transformation auch im Bereich der Bew\u00e4sserungstechnik in der Landwirtschaft. Unsere Systeme sind robust, zuverl\u00e4ssig und einfach zu bedienen, um die Wiesen und G\u00fcter stets optimal zu bew\u00e4ssern. <\/p>\n\n\n\n<figure class=\"wp-block-image size-large\"><img loading=\"lazy\" decoding=\"async\" width=\"1024\" height=\"724\" src=\"https:\/\/raintec.bz\/wp-content\/uploads\/2024\/11\/5-1024x724.png\" alt=\"\" class=\"wp-image-34\" srcset=\"https:\/\/raintec.bz\/wp-content\/uploads\/2024\/11\/5-1024x724.png 1024w, https:\/\/raintec.bz\/wp-content\/uploads\/2024\/11\/5-300x212.png 300w, https:\/\/raintec.bz\/wp-content\/uploads\/2024\/11\/5-768x543.png 768w, https:\/\/raintec.bz\/wp-content\/uploads\/2024\/11\/5-1536x1086.png 1536w, https:\/\/raintec.bz\/wp-content\/uploads\/2024\/11\/5.png 2000w\" sizes=\"auto, (max-width: 1024px) 100vw, 1024px\" \/><\/figure>\n\n\n\n<div class=\"wp-block-buttons is-layout-flex wp-block-buttons-is-layout-flex\">\n<div class=\"wp-block-button has-custom-width wp-block-button__width-100\"><a class=\"wp-block-button__link has-foreground-background-color has-background wp-element-button\" href=\"https:\/\/raintec.bz\/?page_id=59\">Weiterlesen!<\/a><\/div>\n<\/div>\n\n\n\n<div style=\"height:16px\" aria-hidden=\"true\" class=\"wp-block-spacer\"><\/div>\n<\/div>\n\n\n\n<div class=\"wp-block-column is-layout-flow wp-block-column-is-layout-flow\">\n<hr class=\"wp-block-separator has-css-opacity is-style-wide\"\/>\n\n\n\n<h2 class=\"wp-block-heading\" id=\"3\" style=\"font-size:clamp(2.75rem, 6vw, 3.25rem);line-height:0.5\">3<\/h2>\n\n\n\n<h3 class=\"wp-block-heading has-x-large-font-size\" id=\"falcon\"><em>F\u00fcr Parkanlagen und \u00f6ffentliche Gr\u00fcnfl\u00e4chen:<\/em><\/h3>\n\n\n\n<p>Erhalten Sie die Sch\u00f6nheit und Gesundheit Ihrer Parkanlagen mit unseren professionellen Bew\u00e4sserungssystemen. Wir konzipieren und installieren ma\u00dfgeschneiderte L\u00f6sungen, die sicherstellen, dass jede Pflanze die richtige Menge an Wasser erh\u00e4lt \u2013 effizient und umweltfreundlich. <\/p>\n\n\n\n<figure class=\"wp-block-image size-large is-resized\"><img loading=\"lazy\" decoding=\"async\" width=\"1024\" height=\"724\" src=\"https:\/\/raintec.bz\/wp-content\/uploads\/2024\/11\/6-1024x724.png\" alt=\"\" class=\"wp-image-35\" style=\"width:379px;height:auto\" srcset=\"https:\/\/raintec.bz\/wp-content\/uploads\/2024\/11\/6-1024x724.png 1024w, https:\/\/raintec.bz\/wp-content\/uploads\/2024\/11\/6-300x212.png 300w, https:\/\/raintec.bz\/wp-content\/uploads\/2024\/11\/6-768x543.png 768w, https:\/\/raintec.bz\/wp-content\/uploads\/2024\/11\/6-1536x1086.png 1536w, https:\/\/raintec.bz\/wp-content\/uploads\/2024\/11\/6.png 2000w\" sizes=\"auto, (max-width: 1024px) 100vw, 1024px\" \/><\/figure>\n\n\n\n<div class=\"wp-block-buttons is-layout-flex wp-block-buttons-is-layout-flex\">\n<div class=\"wp-block-button has-custom-width wp-block-button__width-100\"><a class=\"wp-block-button__link has-foreground-background-color has-background wp-element-button\" href=\"https:\/\/raintec.bz\/?page_id=59\">Weiterlesen!<\/a><\/div>\n<\/div>\n\n\n\n<div style=\"height:16px\" aria-hidden=\"true\" class=\"wp-block-spacer\"><\/div>\n<\/div>\n<\/div>\n\n\n\n<h3 class=\"wp-block-heading\"><strong>Unser Sortiment:<\/strong><\/h3>\n\n\n\n<p class=\"has-large-font-size\">Entdecken Sie unser umfangreiches Sortiment an Bew\u00e4sserungstechnik und Zubeh\u00f6r. Von Regnern und Sprinklern \u00fcber Steuerger\u00e4te und Sensoren bis hin zu Schl\u00e4uchen und Verbindungsst\u00fccken \u2013 bei uns finden Sie alles, was Sie f\u00fcr eine optimale Bew\u00e4sserung ben\u00f6tigen. Wir freuen uns \u00fcber Ihren Besuch im Gesch\u00e4ft.<\/p>\n\n\n\n<figure class=\"wp-block-image size-large\"><img loading=\"lazy\" decoding=\"async\" width=\"1024\" height=\"683\" src=\"https:\/\/raintec.bz\/wp-content\/uploads\/2024\/11\/DSC07733-1024x683.jpg\" alt=\"\" class=\"wp-image-40\" srcset=\"https:\/\/raintec.bz\/wp-content\/uploads\/2024\/11\/DSC07733-1024x683.jpg 1024w, https:\/\/raintec.bz\/wp-content\/uploads\/2024\/11\/DSC07733-300x200.jpg 300w, https:\/\/raintec.bz\/wp-content\/uploads\/2024\/11\/DSC07733-768x512.jpg 768w, https:\/\/raintec.bz\/wp-content\/uploads\/2024\/11\/DSC07733-1536x1024.jpg 1536w, https:\/\/raintec.bz\/wp-content\/uploads\/2024\/11\/DSC07733-2048x1365.jpg 2048w\" sizes=\"auto, (max-width: 1024px) 100vw, 1024px\" \/><\/figure>\n\n\n\n<hr class=\"wp-block-separator has-css-opacity is-style-default\"\/>\n\n\n\n<h4 class=\"wp-block-heading\"><strong>Warum Raintec Irrigation? <\/strong><\/h4>\n\n\n\n<div class=\"wp-block-columns is-layout-flex wp-container-core-columns-is-layout-28f84493 wp-block-columns-is-layout-flex\">\n<div class=\"wp-block-column is-layout-flow wp-block-column-is-layout-flow\">\n<p style=\"font-size:18px\"><strong>Individuelle Beratung und Planung:<\/strong> Unsere Experten Karl und Florian stehen Ihnen von der ersten Beratung bis zur finalen Installation zur Seite und entwickeln ma\u00dfgeschneiderte L\u00f6sungen f\u00fcr Ihre Anforderungen.<\/p>\n\n\n\n<p><strong>Hochwertige Produkte<\/strong>: Wir setzen auf Qualit\u00e4t und Langlebigkeit, damit Sie lange Freude an Ihrer Bew\u00e4sserungsanlage haben.<\/p>\n\n\n\n<p><\/p>\n<\/div>\n\n\n\n<div class=\"wp-block-column is-layout-flow wp-block-column-is-layout-flow\">\n<p style=\"font-size:18px\"><strong>Nachhaltigkeit:<\/strong> Unsere Systeme sind darauf ausgelegt, Wasser effizient zu nutzen und die Umwelt zu schonen.<\/p>\n\n\n\n<p style=\"font-size:18px\"><strong>Zuverl\u00e4ssiger Service<\/strong>: Auch nach der Installation sind wir f\u00fcr Sie da \u2013 mit Wartungsdiensten und technischer Unterst\u00fctzung. Unser Techniker Florian ist der Ansprechpartner daf\u00fcr!<\/p>\n<\/div>\n<\/div>\n\n\n\n<div class=\"wp-block-group alignfull has-background-color has-primary-background-color has-text-color has-background has-link-color wp-elements-5594a42e9d2ba5fbcef04261016147df is-layout-constrained wp-block-group-is-layout-constrained\" style=\"padding-top:6rem;padding-bottom:6rem\">\n<div class=\"wp-block-media-text alignwide is-stacked-on-mobile is-vertically-aligned-bottom\" style=\"grid-template-columns:42% auto\"><figure class=\"wp-block-media-text__media\"><img loading=\"lazy\" decoding=\"async\" width=\"1024\" height=\"683\" src=\"https:\/\/raintec.bz\/wp-content\/uploads\/2024\/11\/Agrocenter_Color-250-1024x683.jpg\" alt=\"\" class=\"wp-image-41 size-full\" srcset=\"https:\/\/raintec.bz\/wp-content\/uploads\/2024\/11\/Agrocenter_Color-250-1024x683.jpg 1024w, https:\/\/raintec.bz\/wp-content\/uploads\/2024\/11\/Agrocenter_Color-250-300x200.jpg 300w, https:\/\/raintec.bz\/wp-content\/uploads\/2024\/11\/Agrocenter_Color-250-768x512.jpg 768w, https:\/\/raintec.bz\/wp-content\/uploads\/2024\/11\/Agrocenter_Color-250-1536x1024.jpg 1536w, https:\/\/raintec.bz\/wp-content\/uploads\/2024\/11\/Agrocenter_Color-250-2048x1365.jpg 2048w\" sizes=\"auto, (max-width: 1024px) 100vw, 1024px\" \/><\/figure><div class=\"wp-block-media-text__content\">\n<p><strong>\u00dcber uns<\/strong><\/p>\n\n\n\n<p>Hans Huber und Martin Ebnicher haben die Firma Agrocenter 1991 in Bozen gegr\u00fcndet, angetrieben von der Idee, im Gro\u00dfraum Bozen ein Fachgesch\u00e4ft f\u00fcr Land-, Forstwirtschaft und Gartenbau zu errichten. Bald wurde klar, dass die Beregnungstechnik eigene Fachleute und spezifische Produkte braucht: Das war die Geburtsstunde der Firma Raintec Irrigation.<\/p>\n\n\n\n<p>Seit 2009 ist unsere Firma im Gewerbegebiet Kardaun angesiedelt. Nahe der A22-Ausfahrt Bozen Nord sind wir gut erreichbar. Unser umfangreiches Sortiment finden Sie dort ausgestellt. Unsere Fachberater Karl Ebnicher und Florian Bauer stehen Ihnen von der ersten Beratung bis nach der Installation zur Seite. Unser Techniker Florian Gamper ist f\u00fcr Installationen vor Ort, sowie Wartungsarbeiten einsatzbereit.<\/p>\n<\/div><\/div>\n<\/div>\n\n\n\n<div class=\"wp-block-group alignfull has-secondary-background-color has-background is-layout-constrained wp-block-group-is-layout-constrained\" style=\"padding-top:var(--wp--custom--spacing--large, 8rem);padding-bottom:6rem\">\n<div class=\"wp-block-columns alignwide is-layout-flex wp-container-core-columns-is-layout-28f84493 wp-block-columns-is-layout-flex\">\n<div class=\"wp-block-column is-layout-flow wp-block-column-is-layout-flow\" style=\"flex-basis:33%\">\n<p style=\"text-transform:uppercase\"><strong>Firmendaten:<\/strong><\/p>\n\n\n\n<p>Raintec Irrigation GmbH.<br>Gewerbegebiet Kardaun 2<br>39053 Karneid (BZ) \/ Italien<br>Mwst.Nr.: IT02262160217<\/p>\n\n\n\n<p><strong>Kontakt<\/strong><br>Tel. +39 0471 300359<br>Fax +39 0471 940270<br>E-mail:&nbsp;<a href=\"mailto:info@raintec.bz\">info@raintec.bz<\/a><\/p>\n\n\n\n<p><strong>Unsere \u00d6ffnungszeiten:<\/strong><\/p>\n\n\n\n<p>Mo &#8211; Fr &nbsp; &nbsp;&nbsp;&nbsp;&nbsp;&nbsp;&nbsp;&nbsp;&nbsp;&nbsp;&nbsp;7.30 &#8211; 12.30 Uhr<br>&nbsp;                       15.00 &#8211; 18.30 Uhr&nbsp;&nbsp;&nbsp;&nbsp;&nbsp;&nbsp;&nbsp;<br>Samstag&nbsp;&nbsp;&nbsp;&nbsp;&nbsp;&nbsp;&nbsp;&nbsp;&nbsp;&nbsp; 7.30 &#8211; 12.00 Uhr<\/p>\n\n\n\n<p>&nbsp;&nbsp;&nbsp;&nbsp;&nbsp;<\/p>\n<\/div>\n\n\n\n<div class=\"wp-block-column is-vertically-aligned-bottom is-layout-flow wp-block-column-is-layout-flow\"><div class=\"alignright wp-block-site-logo\"><a href=\"https:\/\/raintec.bz\/\" class=\"custom-logo-link\" rel=\"home\"><img loading=\"lazy\" decoding=\"async\" width=\"283\" height=\"111\" src=\"https:\/\/raintec.bz\/wp-content\/uploads\/2024\/11\/cropped-1.png\" class=\"custom-logo\" alt=\"Raintec Irrigation GmbH\" srcset=\"https:\/\/raintec.bz\/wp-content\/uploads\/2024\/11\/cropped-1.png 1740w, https:\/\/raintec.bz\/wp-content\/uploads\/2024\/11\/cropped-1-300x118.png 300w, https:\/\/raintec.bz\/wp-content\/uploads\/2024\/11\/cropped-1-1024x404.png 1024w, https:\/\/raintec.bz\/wp-content\/uploads\/2024\/11\/cropped-1-768x303.png 768w, https:\/\/raintec.bz\/wp-content\/uploads\/2024\/11\/cropped-1-1536x606.png 1536w\" sizes=\"auto, (max-width: 283px) 100vw, 283px\" \/><\/a><\/div><\/div>\n<\/div>\n<\/div>\n\n\n\n<div class=\"wp-block-group alignfull is-content-justification-space-between is-layout-flex wp-container-core-group-is-layout-83af0991 wp-block-group-is-layout-flex\" style=\"margin-top:0;margin-bottom:0;padding-top:var(--wp--preset--spacing--50);padding-right:var(--wp--preset--spacing--30);padding-bottom:var(--wp--preset--spacing--50);padding-left:var(--wp--preset--spacing--30)\">\n<div class=\"wp-block-group wp-container-content-9cfa9a5a is-vertical is-layout-flex wp-container-core-group-is-layout-2d729e81 wp-block-group-is-layout-flex\"><h1 class=\"wp-block-site-title has-medium-font-size\"><a href=\"https:\/\/raintec.bz\" target=\"_self\" rel=\"home\">Raintec Irrigation GmbH<\/a><\/h1>\n\n\n<p class=\"has-text-align-left has-medium-font-size\"><strong>Gesetzliche Informationen<\/strong><\/p>\n\n\n\n<ul class=\"wp-block-list\">\n<li><a href=\"https:\/\/agrocenter.it\/impressum\">Impressum<\/a><\/li>\n\n\n\n<li><a href=\"https:\/\/agrocenter.it\/datenschutz\">Datenschutz<\/a><\/li>\n\n\n\n<li><a href=\"https:\/\/agrocenter.it\/agb\">AGB<\/a><\/li>\n\n\n\n<li><a href=\"https:\/\/agrocenter.it\/widerrufsrecht\">Widerrufsrecht<\/a><\/li>\n<\/ul>\n\n\n\n<div style=\"height:0px\" aria-hidden=\"true\" class=\"wp-block-spacer wp-container-content-541a6b20\"><\/div>\n<\/div>\n\n\n\n<div class=\"wp-block-group is-content-justification-right is-layout-flex wp-container-core-group-is-layout-35d1f3ed wp-block-group-is-layout-flex\">\n<div class=\"wp-block-group is-vertical is-layout-flex wp-container-core-group-is-layout-fe9cc265 wp-block-group-is-layout-flex\">\n<p class=\"has-text-align-left\">Sitemap<\/p>\n\n\n\n<p><a href=\"https:\/\/raintec.bz\/?page_id=45\" data-type=\"page\" data-id=\"45\">Startseite<\/a><br><a href=\"https:\/\/raintec.bz\/?page_id=57\" data-type=\"page\" data-id=\"57\">F\u00fcr Private<\/a><br><a href=\"https:\/\/raintec.bz\/?page_id=59\" data-type=\"page\" data-id=\"59\">F\u00fcr gewerbliche Kunden<\/a><\/p>\n\n\n\n<div style=\"height:0px\" aria-hidden=\"true\" class=\"wp-block-spacer wp-container-content-541a6b20\"><\/div>\n<\/div>\n\n\n\n<div class=\"wp-block-group is-vertical is-layout-flex wp-container-core-group-is-layout-fe9cc265 wp-block-group-is-layout-flex\">\n<p class=\"has-text-align-left\">Social<\/p>\n\n\n\n<div class=\"wp-block-group is-vertical is-content-justification-left is-layout-flex wp-container-core-group-is-layout-32091062 wp-block-group-is-layout-flex\">\n<p><a href=\"https:\/\/www.facebook.com\/profile.php?id=100057408313495\" target=\"_blank\" rel=\"noreferrer noopener\">Facebook<\/a><br><a href=\"https:\/\/www.instagram.com\/agrocenterbozen\" target=\"_blank\" rel=\"noreferrer noopener\">Instagram<\/a><\/p>\n\n\n\n<div style=\"height:0px\" aria-hidden=\"true\" class=\"wp-block-spacer wp-container-content-541a6b20\"><\/div>\n<\/div>\n<\/div>\n<\/div>\n<\/div>\n\n\n\n<p><\/p>\n","protected":false},"excerpt":{"rendered":"<p>Ob f\u00fcr private G\u00e4rten, landwirtschaftliche Fl\u00e4chen oder Parkanlagen \u2013 wir bieten ma\u00dfgeschneiderte Bew\u00e4sserungstechnik, die perfekt auf Ihre individuellen Bed\u00fcrfnisse abgestimmt ist. Unsere Systeme sorgen daf\u00fcr, dass die Pflanzen immer optimal mit Wasser versorgt sind. In S\u00fcdtirol und dar\u00fcber hinaus sind wir Ihr professioneller Ansprechpartner f\u00fcr Bew\u00e4sserungsl\u00f6sungen! Unsere Leistungen im \u00dcberblick: 1 F\u00fcr private G\u00e4rten: Nie [&hellip;]<\/p>\n","protected":false},"author":2,"featured_media":0,"parent":0,"menu_order":1,"comment_status":"closed","ping_status":"closed","template":"","meta":{"footnotes":""},"class_list":["post-45","page","type-page","status-publish","hentry"],"_links":{"self":[{"href":"https:\/\/raintec.bz\/index.php?rest_route=\/wp\/v2\/pages\/45","targetHints":{"allow":["GET"]}}],"collection":[{"href":"https:\/\/raintec.bz\/index.php?rest_route=\/wp\/v2\/pages"}],"about":[{"href":"https:\/\/raintec.bz\/index.php?rest_route=\/wp\/v2\/types\/page"}],"author":[{"embeddable":true,"href":"https:\/\/raintec.bz\/index.php?rest_route=\/wp\/v2\/users\/2"}],"replies":[{"embeddable":true,"href":"https:\/\/raintec.bz\/index.php?rest_route=%2Fwp%2Fv2%2Fcomments&post=45"}],"version-history":[{"count":3,"href":"https:\/\/raintec.bz\/index.php?rest_route=\/wp\/v2\/pages\/45\/revisions"}],"predecessor-version":[{"id":64,"href":"https:\/\/raintec.bz\/index.php?rest_route=\/wp\/v2\/pages\/45\/revisions\/64"}],"wp:attachment":[{"href":"https:\/\/raintec.bz\/index.php?rest_route=%2Fwp%2Fv2%2Fmedia&parent=45"}],"curies":[{"name":"wp","href":"https:\/\/api.w.org\/{rel}","templated":true}]}}