{"id":57,"date":"2024-11-06T10:26:21","date_gmt":"2024-11-06T10:26:21","guid":{"rendered":"https:\/\/raintec.bz\/?page_id=57"},"modified":"2024-11-06T10:47:18","modified_gmt":"2024-11-06T10:47:18","slug":"die-bewaesserungsanlage-fuer-den-privaten-garten","status":"publish","type":"page","link":"https:\/\/raintec.bz\/?page_id=57","title":{"rendered":"Die Bew\u00e4sserungsanlage f\u00fcr den privaten Garten"},"content":{"rendered":"\n<p>Nie wieder ans Gie\u00dfen denken! Mit unseren effizienten und benutzerfreundlichen Bew\u00e4sserungssystemen. Von modernen Sprinklern bis hin zu kleinen und gro\u00dfen Tropfbew\u00e4sserungssystemen bieten wir alles, was Sie f\u00fcr die Pflege Ihres Rasens, Gem\u00fcse-Beete, Obstb\u00e4ume, Terrassen und Balkonpflanzen ben\u00f6tigen.<\/p>\n\n\n\n<figure class=\"wp-block-image size-large\"><img loading=\"lazy\" decoding=\"async\" width=\"2000\" height=\"1414\" src=\"https:\/\/raintec.bz\/wp-content\/uploads\/2024\/11\/4-1024x724.png\" alt=\"\" class=\"wp-image-33\" srcset=\"https:\/\/raintec.bz\/wp-content\/uploads\/2024\/11\/4-1024x724.png 1024w, https:\/\/raintec.bz\/wp-content\/uploads\/2024\/11\/4-300x212.png 300w, https:\/\/raintec.bz\/wp-content\/uploads\/2024\/11\/4-768x543.png 768w, https:\/\/raintec.bz\/wp-content\/uploads\/2024\/11\/4-1536x1086.png 1536w, https:\/\/raintec.bz\/wp-content\/uploads\/2024\/11\/4.png 2000w\" sizes=\"auto, (max-width: 2000px) 100vw, 2000px\" \/><\/figure>\n\n\n\n<p>Selbst f\u00fcr den kleinsten Garten haben wir die ideale Bew\u00e4sserungsl\u00f6sung parat; sie sind maximal individuell anpassbar und leicht zu handhaben.<\/p>\n\n\n\n<p><strong>Lust auf eine Bew\u00e4sserungsanlage f\u00fcr Ihren Garten?<\/strong>&nbsp;<br>Kommen Sie bei uns im Gesch\u00e4ft vorbei oder schicken Sie Sie uns mehr Informationen zu Ihrem Bew\u00e4sserungsprojekt:<\/p>\n\n\n\n<ul class=\"wp-block-list\">\n<li>Name und Telefonnummer<\/li>\n\n\n\n<li>Gartengr\u00f6\u00dfe mit Skizze oder Plan des Gartens<\/li>\n\n\n\n<li>Standort der Pflanzenbeete im Garten, sowie Wasserquelle und Stromanschluss<\/li>\n\n\n\n<li>Bevorzugte Bew\u00e4sserungsmethode: Sprinkler, Tropfberegnung\u2026<\/li>\n\n\n\n<li>Automatisierungsgrad: manuell, halbautomatisch, vollautomatisch mit Timer und Sensoren<\/li>\n\n\n\n<li>Weitere Informationen und pers\u00f6nlichen W\u00fcnsche<\/li>\n<\/ul>\n\n\n\n<div class=\"wp-block-buttons is-layout-flex wp-block-buttons-is-layout-flex\">\n<div class=\"wp-block-button\"><a class=\"wp-block-button__link wp-element-button\" href=\"mailto: info@raintec.bz\">Jetzt Kontakt aufnehmen!<\/a><\/div>\n<\/div>\n\n\n\n<figure class=\"wp-block-image size-large\"><img loading=\"lazy\" decoding=\"async\" width=\"1024\" height=\"378\" src=\"https:\/\/raintec.bz\/wp-content\/uploads\/2024\/11\/9-1-1024x378.png\" alt=\"\" class=\"wp-image-32\" srcset=\"https:\/\/raintec.bz\/wp-content\/uploads\/2024\/11\/9-1-1024x378.png 1024w, https:\/\/raintec.bz\/wp-content\/uploads\/2024\/11\/9-1-300x111.png 300w, https:\/\/raintec.bz\/wp-content\/uploads\/2024\/11\/9-1-768x284.png 768w, https:\/\/raintec.bz\/wp-content\/uploads\/2024\/11\/9-1-1536x567.png 1536w, https:\/\/raintec.bz\/wp-content\/uploads\/2024\/11\/9-1-2048x756.png 2048w\" sizes=\"auto, (max-width: 1024px) 100vw, 1024px\" \/><\/figure>\n","protected":false},"excerpt":{"rendered":"<p>Nie wieder ans Gie\u00dfen denken! Mit unseren effizienten und benutzerfreundlichen Bew\u00e4sserungssystemen. Von modernen Sprinklern bis hin zu kleinen und gro\u00dfen Tropfbew\u00e4sserungssystemen bieten wir alles, was Sie f\u00fcr die Pflege Ihres Rasens, Gem\u00fcse-Beete, Obstb\u00e4ume, Terrassen und Balkonpflanzen ben\u00f6tigen. Selbst f\u00fcr den kleinsten Garten haben wir die ideale Bew\u00e4sserungsl\u00f6sung parat; sie sind maximal individuell anpassbar und leicht [&hellip;]<\/p>\n","protected":false},"author":2,"featured_media":0,"parent":0,"menu_order":0,"comment_status":"closed","ping_status":"closed","template":"","meta":{"footnotes":""},"class_list":["post-57","page","type-page","status-publish","hentry"],"_links":{"self":[{"href":"https:\/\/raintec.bz\/index.php?rest_route=\/wp\/v2\/pages\/57","targetHints":{"allow":["GET"]}}],"collection":[{"href":"https:\/\/raintec.bz\/index.php?rest_route=\/wp\/v2\/pages"}],"about":[{"href":"https:\/\/raintec.bz\/index.php?rest_route=\/wp\/v2\/types\/page"}],"author":[{"embeddable":true,"href":"https:\/\/raintec.bz\/index.php?rest_route=\/wp\/v2\/users\/2"}],"replies":[{"embeddable":true,"href":"https:\/\/raintec.bz\/index.php?rest_route=%2Fwp%2Fv2%2Fcomments&post=57"}],"version-history":[{"count":2,"href":"https:\/\/raintec.bz\/index.php?rest_route=\/wp\/v2\/pages\/57\/revisions"}],"predecessor-version":[{"id":71,"href":"https:\/\/raintec.bz\/index.php?rest_route=\/wp\/v2\/pages\/57\/revisions\/71"}],"wp:attachment":[{"href":"https:\/\/raintec.bz\/index.php?rest_route=%2Fwp%2Fv2%2Fmedia&parent=57"}],"curies":[{"name":"wp","href":"https:\/\/api.w.org\/{rel}","templated":true}]}}